{"id":1807,"date":"2023-01-24T17:31:53","date_gmt":"2023-01-24T16:31:53","guid":{"rendered":"https:\/\/itopipinnuti.fr\/?page_id=1807"},"modified":"2024-11-21T08:49:44","modified_gmt":"2024-11-21T07:49:44","slug":"les-sagas","status":"publish","type":"page","link":"https:\/\/itopipinnuti.fr\/?page_id=1807","title":{"rendered":"Les sagas"},"content":{"rendered":"\n<p>Certains comptes-rendus ont \u00e9t\u00e9 regroup\u00e9s par th\u00e8me pour former des sagas. Il s&rsquo;agit des principales cavit\u00e9s de Corse. On y retrouve \u00e9galement la falaise de Francardo, le cahier de liaison de la casetta de Ghisoni et enfin le nouveau local.<\/p>\n\n\n\n<div class=\"wp-block-group\"><div class=\"wp-block-group__inner-container\">\n<table id=\"tablepress-10\" class=\"tablepress tablepress-id-10\">\n<thead>\n<tr class=\"row-1 odd\">\n\t<th class=\"column-1\"><strong>Titres<\/strong><\/th>\n<\/tr>\n<\/thead>\n<tbody class=\"row-hover\">\n<tr class=\"row-2 even\">\n\t<td class=\"column-1\"><a href=\"https:\/\/itopipinnuti.fr\/exitp\/Sagas\/Saga_Butrone.pdf\" target=\"_blank\" rel=\"noopener\">La saga de Butrone<\/a><\/td>\n<\/tr>\n<tr class=\"row-3 odd\">\n\t<td class=\"column-1\"><a href=\"https:\/\/itopipinnuti.fr\/exitp\/Sagas\/Saga_Castiglione.pdf\" target=\"_blank\" rel=\"noopener\">La saga de Castiglione<\/a><\/td>\n<\/tr>\n<tr class=\"row-4 even\">\n\t<td class=\"column-1\"><a href=\"https:\/\/itopipinnuti.fr\/exitp\/Sagas\/Saga_Luminelli.pdf\" target=\"_blank\" rel=\"noopener\">La saga de I Luminelli<\/a><\/td>\n<\/tr>\n<tr class=\"row-5 odd\">\n\t<td class=\"column-1\"><a href=\"https:\/\/itopipinnuti.fr\/exitp\/Sagas\/Saga_Tribbiolu.pdf\" target=\"_blank\" rel=\"noopener\">La saga de San Nicolao<\/a><\/td>\n<\/tr>\n<tr class=\"row-6 even\">\n\t<td class=\"column-1\"><a href=\"https:\/\/itopipinnuti.fr\/exitp\/Sagas\/Saga_Suterratta.pdf\" target=\"_blank\" rel=\"noopener\">La saga de Suterratta<\/a><\/td>\n<\/tr>\n<tr class=\"row-7 odd\">\n\t<td class=\"column-1\"><a href=\"https:\/\/itopipinnuti.fr\/exitp\/Sagas\/Saga_Lano.pdf\" target=\"_blank\" rel=\"noopener\">La saga de Lano<\/a><\/td>\n<\/tr>\n<tr class=\"row-8 even\">\n\t<td class=\"column-1\"><a href=\"https:\/\/itopipinnuti.fr\/exitp\/Sagas\/Saga_Santa_Catalina.pdf\" target=\"_blank\" rel=\"noopener\">La saga de Santa Catalina<\/a><\/td>\n<\/tr>\n<tr class=\"row-9 odd\">\n\t<td class=\"column-1\"><a href=\"https:\/\/itopipinnuti.fr\/exitp\/Sagas\/Saga_RazzuBiancu.pdf\" target=\"_blank\" rel=\"noopener\">La saga de Razzu Biancu<\/a><\/td>\n<\/tr>\n<tr class=\"row-10 even\">\n\t<td class=\"column-1\"><a href=\"https:\/\/itopipinnuti.fr\/exitp\/Sagas\/Saga_Ghisoni.pdf\" target=\"_blank\" rel=\"noopener\">La saga de Ghisoni<\/a><\/td>\n<\/tr>\n<tr class=\"row-11 odd\">\n\t<td class=\"column-1\"><a href=\"https:\/\/itopipinnuti.fr\/exitp\/Sagas\/Saga_local.pdf\" target=\"_blank\" rel=\"noopener\">La saga du local<\/a><\/td>\n<\/tr>\n<tr class=\"row-12 even\">\n\t<td class=\"column-1\"><a href=\"https:\/\/itopipinnuti.fr\/exitp\/crmono.htm\"target=\"blank\">La saga des Monoxyles<\/a><\/td>\n<\/tr>\n<tr class=\"row-13 odd\">\n\t<td class=\"column-1\"><a href=\"https:\/\/itopipinnuti.fr\/exitp\/Sagas\/Saga_Monoxyles.pdf\" target=\"_blank\" rel=\"noopener\">La saga des Monoxyles en PDF<\/a><\/td>\n<\/tr>\n<tr class=\"row-14 even\">\n\t<td class=\"column-1\"><a href=\"https:\/\/itopipinnuti.fr\/?page_id=7117\" target=\"_blank\" rel=\"noopener\">La saga des Monoxyles, les publications<\/a><\/td>\n<\/tr>\n<tr class=\"row-15 odd\">\n\t<td class=\"column-1\"><a href=\"https:\/\/itopipinnuti.fr\/exitp\/Sagas\/Saga_Francardo.pdf\" target=\"_blank\" rel=\"noopener\">La saga de la falaise de Francardo<\/a><\/td>\n<\/tr>\n<tr class=\"row-16 even\">\n\t<td class=\"column-1\"><a href=\"https:\/\/itopipinnuti.fr\/exitp\/Sagas\/Saga_Omessa_Caporalino.pdf\" target=\"_blank\" rel=\"noopener\">La saga d&rsquo;Omessa-Caporalino<\/a><\/td>\n<\/tr>\n<tr class=\"row-17 odd\">\n\t<td class=\"column-1\"><a href=\"https:\/\/itopipinnuti.fr\/?page_id=2336\" target=\"_blank\" rel=\"noopener\">La saga du secours<\/a><\/td>\n<\/tr>\n<tr class=\"row-18 even\">\n\t<td class=\"column-1\"><a href=\"https:\/\/itopipinnuti.fr\/wp-content\/uploads\/2025\/03\/Aventures-LISC-1984-2024-Anonyme.pdf\" target=\"_blank\" rel=\"noopener\">Les 40 ans de la LISC<\/a><\/td>\n<\/tr>\n<\/tbody>\n<\/table>\n<!-- #tablepress-10 from cache --><\/div><\/div>\n","protected":false},"excerpt":{"rendered":"<p>Certains comptes-rendus ont \u00e9t\u00e9 regroup\u00e9s par th\u00e8me pour former des sagas. Il s&rsquo;agit des principales cavit\u00e9s de Corse. On y retrouve \u00e9galement la falaise de Francardo, le cahier de liaison de la casetta de Ghisoni et enfin le nouveau local.<\/p>\n","protected":false},"author":5,"featured_media":0,"parent":0,"menu_order":0,"comment_status":"closed","ping_status":"closed","template":"","meta":[],"_links":{"self":[{"href":"https:\/\/itopipinnuti.fr\/index.php?rest_route=\/wp\/v2\/pages\/1807"}],"collection":[{"href":"https:\/\/itopipinnuti.fr\/index.php?rest_route=\/wp\/v2\/pages"}],"about":[{"href":"https:\/\/itopipinnuti.fr\/index.php?rest_route=\/wp\/v2\/types\/page"}],"author":[{"embeddable":true,"href":"https:\/\/itopipinnuti.fr\/index.php?rest_route=\/wp\/v2\/users\/5"}],"replies":[{"embeddable":true,"href":"https:\/\/itopipinnuti.fr\/index.php?rest_route=%2Fwp%2Fv2%2Fcomments&post=1807"}],"version-history":[{"count":2,"href":"https:\/\/itopipinnuti.fr\/index.php?rest_route=\/wp\/v2\/pages\/1807\/revisions"}],"predecessor-version":[{"id":1813,"href":"https:\/\/itopipinnuti.fr\/index.php?rest_route=\/wp\/v2\/pages\/1807\/revisions\/1813"}],"wp:attachment":[{"href":"https:\/\/itopipinnuti.fr\/index.php?rest_route=%2Fwp%2Fv2%2Fmedia&parent=1807"}],"curies":[{"name":"wp","href":"https:\/\/api.w.org\/{rel}","templated":true}]}}