{"id":197,"date":"2022-11-23T08:13:45","date_gmt":"2022-11-23T07:13:45","guid":{"rendered":"https:\/\/itopipinnuti.fr\/?page_id=197"},"modified":"2024-11-21T08:50:46","modified_gmt":"2024-11-21T07:50:46","slug":"presentation","status":"publish","type":"page","link":"https:\/\/itopipinnuti.fr\/?page_id=197","title":{"rendered":"Pr\u00e9sentation"},"content":{"rendered":"\n<p>L\u2019association bastiaise fait partie du paysage sportif et scientifique de la ville depuis maintenant plusieurs d\u00e9cennies. En Haute-Corse c&rsquo;est un groupe de sp\u00e9l\u00e9ologues qui, r\u00e9unis par la m\u00eame passion, celle de l\u2019aventure et de l\u2019exploration du monde souterrain, a port\u00e9 en octobre 1984 l\u2019association I TOPI PINNUTI* sur les fonds baptismaux.<\/p>\n\n\n\n<p>Depuis, le temps a pass\u00e9 et la colonie de chauves-souris s\u2019est agrandie, ce sont aujourd\u2019hui une quarantaine d&rsquo;adh\u00e9rents qui composent l\u2019effectif de cette dynamique association. Les nombreuses explorations souterraines ont permis au fil du temps de d\u00e9couvrir, de topographier et d\u2019\u00e9tablir l\u2019inventaire de pr\u00e8s de 200 grottes et gouffres insulaires, repr\u00e9sentant pr\u00e8s de 10&nbsp;000&nbsp;m de galeries, puits et autres chati\u00e8res\u2026<\/p>\n\n\n\n<p>De nombreuses \u00e9tudes (pal\u00e9ontologie, arch\u00e9ologie, entomologie, hydrog\u00e9ologie \u2026) sont \u00e9galement men\u00e9es en collaboration avec des sp\u00e9cialistes de ces disciplines. Les sp\u00e9l\u00e9ologues participent ainsi \u00e0 l\u2019agrandissement du territoire insulaire et \u00e0 son \u00e9tude intime.<\/p>\n\n\n\n<p>Les ann\u00e9es 90 ont vu arriver une nouvelle discipline issue de la sp\u00e9l\u00e9ologie, le canyonisme. Cette activit\u00e9 aquatique attire de nombreux pratiquants, qui n\u2019h\u00e9sitent pas en toutes saisons \u00e0 parcourir chemins et maquis afin de descendre les cascades en rappel et de glisser le long des toboggans naturels.<\/p>\n\n\n\n<p>Lors de notre r\u00e9union hebdomadaire, chaque jeudi soir, les membres de l&rsquo;association se r\u00e9unissent et d\u00e9cident entre autre des activit\u00e9s \u00e0 programmer chaque week-end, programmes qui font l\u2019objet d\u2019une parution sur ce site Internet.<\/p>\n\n\n\n<p>I Topi Pinnuti sont essentiellement des gens de (sous) terrain qui depuis toujours ont l\u2019ambition de faire d\u00e9couvrir ces activit\u00e9s aux enfants et aux adultes. Ils s\u2018en sont aussi donn\u00e9&nbsp;les moyens en ayant dans leur groupe quatre initiateurs f\u00e9d\u00e9raux en sp\u00e9l\u00e9ologie et six initiateurs et moniteurs f\u00e9d\u00e9raux en canyonisme. Ceux-ci assurent un enseignement ax\u00e9 principalement sur la s\u00e9curit\u00e9 et le respect de cet environnement particulier qui touche r\u00e9ellement au patrimoine de notre \u00eele.<\/p>\n\n\n\n<p>* traduction corse de <em>\u00ab\u00a0les chauves-souris\u00a0\u00bb<\/em>, qui sont le symbole international de la sp\u00e9l\u00e9ologie.<\/p>\n","protected":false},"excerpt":{"rendered":"<p>L\u2019association bastiaise fait partie du paysage sportif et scientifique de la ville depuis maintenant plusieurs d\u00e9cennies. En Haute-Corse c&rsquo;est un groupe de sp\u00e9l\u00e9ologues qui, r\u00e9unis par la m\u00eame passion, celle de l\u2019aventure et de l\u2019exploration du monde souterrain, a port\u00e9 en octobre 1984 l\u2019association I TOPI PINNUTI* sur les fonds baptismaux. Depuis, le temps a [&hellip;]<\/p>\n","protected":false},"author":5,"featured_media":0,"parent":0,"menu_order":0,"comment_status":"closed","ping_status":"closed","template":"","meta":[],"_links":{"self":[{"href":"https:\/\/itopipinnuti.fr\/index.php?rest_route=\/wp\/v2\/pages\/197"}],"collection":[{"href":"https:\/\/itopipinnuti.fr\/index.php?rest_route=\/wp\/v2\/pages"}],"about":[{"href":"https:\/\/itopipinnuti.fr\/index.php?rest_route=\/wp\/v2\/types\/page"}],"author":[{"embeddable":true,"href":"https:\/\/itopipinnuti.fr\/index.php?rest_route=\/wp\/v2\/users\/5"}],"replies":[{"embeddable":true,"href":"https:\/\/itopipinnuti.fr\/index.php?rest_route=%2Fwp%2Fv2%2Fcomments&post=197"}],"version-history":[{"count":1,"href":"https:\/\/itopipinnuti.fr\/index.php?rest_route=\/wp\/v2\/pages\/197\/revisions"}],"predecessor-version":[{"id":4942,"href":"https:\/\/itopipinnuti.fr\/index.php?rest_route=\/wp\/v2\/pages\/197\/revisions\/4942"}],"wp:attachment":[{"href":"https:\/\/itopipinnuti.fr\/index.php?rest_route=%2Fwp%2Fv2%2Fmedia&parent=197"}],"curies":[{"name":"wp","href":"https:\/\/api.w.org\/{rel}","templated":true}]}}