{"id":287,"date":"2022-11-24T16:28:57","date_gmt":"2022-11-24T15:28:57","guid":{"rendered":"https:\/\/itopipinnuti.fr\/?page_id=287"},"modified":"2024-11-21T08:47:02","modified_gmt":"2024-11-21T07:47:02","slug":"activites","status":"publish","type":"page","link":"https:\/\/itopipinnuti.fr\/?page_id=287","title":{"rendered":"Activit\u00e9s"},"content":{"rendered":"\n<p>Les activit\u00e9s propos\u00e9es par le club sont organis\u00e9es par des membres b\u00e9n\u00e9voles, en fonction de leurs disponibilit\u00e9s.<\/p>\n\n\n\n<p>Nous sommes passionn\u00e9s par la nature et passionn\u00e9s de nature, la sp\u00e9l\u00e9ologie et le canyonisme permettent de satisfaire nos d\u00e9sirs de d\u00e9couvertes et d&rsquo;aventures. Ils aiguisent notre curiosit\u00e9 envers les sciences naturelles et ce sont des \u00e9coles de solidarit\u00e9 et de connaissance de soi.<\/p>\n\n\n\n<p>Chez <em>I Topi Pinnuti<\/em>, chacun essaie d\u2019apporter sa pierre, m\u00eame minime, \u00e0 la construction et \u00e0 l\u2019animation de notre association. Notre principale motivation n\u2019est pas seulement de pratiquer des activit\u00e9s passionnantes, mais aussi de les partager. Comme dans une auberge espagnole, la richesse et la diversit\u00e9 du menu d\u00e9pend de ce que les convives apportent.<\/p>\n","protected":false},"excerpt":{"rendered":"<p>Les activit\u00e9s propos\u00e9es par le club sont organis\u00e9es par des membres b\u00e9n\u00e9voles, en fonction de leurs disponibilit\u00e9s. Nous sommes passionn\u00e9s par la nature et passionn\u00e9s de nature, la sp\u00e9l\u00e9ologie et le canyonisme permettent de satisfaire nos d\u00e9sirs de d\u00e9couvertes et d&rsquo;aventures. Ils aiguisent notre curiosit\u00e9 envers les sciences naturelles et ce sont des \u00e9coles de [&hellip;]<\/p>\n","protected":false},"author":5,"featured_media":0,"parent":0,"menu_order":0,"comment_status":"closed","ping_status":"closed","template":"","meta":[],"_links":{"self":[{"href":"https:\/\/itopipinnuti.fr\/index.php?rest_route=\/wp\/v2\/pages\/287"}],"collection":[{"href":"https:\/\/itopipinnuti.fr\/index.php?rest_route=\/wp\/v2\/pages"}],"about":[{"href":"https:\/\/itopipinnuti.fr\/index.php?rest_route=\/wp\/v2\/types\/page"}],"author":[{"embeddable":true,"href":"https:\/\/itopipinnuti.fr\/index.php?rest_route=\/wp\/v2\/users\/5"}],"replies":[{"embeddable":true,"href":"https:\/\/itopipinnuti.fr\/index.php?rest_route=%2Fwp%2Fv2%2Fcomments&post=287"}],"version-history":[{"count":1,"href":"https:\/\/itopipinnuti.fr\/index.php?rest_route=\/wp\/v2\/pages\/287\/revisions"}],"predecessor-version":[{"id":4940,"href":"https:\/\/itopipinnuti.fr\/index.php?rest_route=\/wp\/v2\/pages\/287\/revisions\/4940"}],"wp:attachment":[{"href":"https:\/\/itopipinnuti.fr\/index.php?rest_route=%2Fwp%2Fv2%2Fmedia&parent=287"}],"curies":[{"name":"wp","href":"https:\/\/api.w.org\/{rel}","templated":true}]}}