{"id":316,"date":"2022-11-24T16:50:27","date_gmt":"2022-11-24T15:50:27","guid":{"rendered":"https:\/\/itopipinnuti.fr\/?page_id=316"},"modified":"2025-12-21T13:33:08","modified_gmt":"2025-12-21T12:33:08","slug":"la-prospection","status":"publish","type":"page","link":"https:\/\/itopipinnuti.fr\/?page_id=316","title":{"rendered":"La prospection"},"content":{"rendered":"\n<p>\u00ab\u00a0<em>Pour faire de la sp\u00e9l\u00e9o \u2026 il faut des grottes !<\/em>\u00a0\u00bb<\/p>\n<p>Comment en trouver des nouvelles ?<\/p>\n<p>La prospection fait partie des pr\u00e9liminaires \u00e0 la grande joie ressentie lors de la d\u00e9couverte d\u2019une nouvelle cavit\u00e9.<\/p>\n\n\n\n<figure class=\"wp-block-image size-large\"><img src=\"https:\/\/itopipinnuti.fr\/wp-content\/uploads\/2023\/03\/Quelle-vue--768x576.jpg\" alt=\"\"\/><figcaption>Exploration d&rsquo;une cavit\u00e9 en falaise<\/figcaption><\/figure>\n","protected":false},"excerpt":{"rendered":"<p>\u00ab\u00a0Pour faire de la sp\u00e9l\u00e9o \u2026 il faut des grottes !\u00a0\u00bb Comment en trouver des nouvelles ? La prospection fait partie des pr\u00e9liminaires \u00e0 la grande joie ressentie lors de la d\u00e9couverte d\u2019une nouvelle cavit\u00e9.<\/p>\n","protected":false},"author":5,"featured_media":0,"parent":0,"menu_order":0,"comment_status":"closed","ping_status":"closed","template":"","meta":[],"_links":{"self":[{"href":"https:\/\/itopipinnuti.fr\/index.php?rest_route=\/wp\/v2\/pages\/316"}],"collection":[{"href":"https:\/\/itopipinnuti.fr\/index.php?rest_route=\/wp\/v2\/pages"}],"about":[{"href":"https:\/\/itopipinnuti.fr\/index.php?rest_route=\/wp\/v2\/types\/page"}],"author":[{"embeddable":true,"href":"https:\/\/itopipinnuti.fr\/index.php?rest_route=\/wp\/v2\/users\/5"}],"replies":[{"embeddable":true,"href":"https:\/\/itopipinnuti.fr\/index.php?rest_route=%2Fwp%2Fv2%2Fcomments&post=316"}],"version-history":[{"count":6,"href":"https:\/\/itopipinnuti.fr\/index.php?rest_route=\/wp\/v2\/pages\/316\/revisions"}],"predecessor-version":[{"id":7201,"href":"https:\/\/itopipinnuti.fr\/index.php?rest_route=\/wp\/v2\/pages\/316\/revisions\/7201"}],"wp:attachment":[{"href":"https:\/\/itopipinnuti.fr\/index.php?rest_route=%2Fwp%2Fv2%2Fmedia&parent=316"}],"curies":[{"name":"wp","href":"https:\/\/api.w.org\/{rel}","templated":true}]}}