{"id":325,"date":"2022-11-24T16:53:23","date_gmt":"2022-11-24T15:53:23","guid":{"rendered":"https:\/\/itopipinnuti.fr\/?page_id=325"},"modified":"2024-11-21T08:48:06","modified_gmt":"2024-11-21T07:48:06","slug":"decouverte","status":"publish","type":"page","link":"https:\/\/itopipinnuti.fr\/?page_id=325","title":{"rendered":"D\u00e9couvrir le milieu souterrain"},"content":{"rendered":"\r\n<p><strong>Les premiers pas sous terre<\/strong><\/p>\r\n\r\n\r\n\r\n<p>Faire d\u00e9couvrir le monde souterrain, sensibiliser \u00e0 sa protection, expliquer la formation des cavit\u00e9s et des concr\u00e9tions, montrer la faune qu&rsquo;on peut y rencontrer. Les journ\u00e9es d\u00e9couvertes sont un premier contact avec le milieu cavernicole et avec notre activit\u00e9, elles se d\u00e9roulent g\u00e9n\u00e9ralement dans des grottes \u00e0 tendance horizontale afin de privil\u00e9gier le lieu et non la technique. C&rsquo;est de ces journ\u00e9es que na\u00eetrons peut-\u00eatre un jour de futurs passionn\u00e9s de sp\u00e9l\u00e9ologie.<\/p>\r\n<p><img loading=\"lazy\" class=\"alignnone wp-image-2228 size-full\" src=\"https:\/\/itopipinnuti.fr\/wp-content\/uploads\/2023\/03\/Les-malpropres.jpg\" alt=\"\" width=\"813\" height=\"491\" srcset=\"https:\/\/itopipinnuti.fr\/wp-content\/uploads\/2023\/03\/Les-malpropres.jpg 813w, https:\/\/itopipinnuti.fr\/wp-content\/uploads\/2023\/03\/Les-malpropres-300x181.jpg 300w, https:\/\/itopipinnuti.fr\/wp-content\/uploads\/2023\/03\/Les-malpropres-768x464.jpg 768w, https:\/\/itopipinnuti.fr\/wp-content\/uploads\/2023\/03\/Les-malpropres-624x377.jpg 624w\" sizes=\"(max-width: 813px) 100vw, 813px\" \/><\/p>\r\n","protected":false},"excerpt":{"rendered":"<p>Les premiers pas sous terre Faire d\u00e9couvrir le monde souterrain, sensibiliser \u00e0 sa protection, expliquer la formation des cavit\u00e9s et des concr\u00e9tions, montrer la faune qu&rsquo;on peut y rencontrer. Les journ\u00e9es d\u00e9couvertes sont un premier contact avec le milieu cavernicole et avec notre activit\u00e9, elles se d\u00e9roulent g\u00e9n\u00e9ralement dans des grottes \u00e0 tendance horizontale afin [&hellip;]<\/p>\n","protected":false},"author":5,"featured_media":0,"parent":0,"menu_order":0,"comment_status":"closed","ping_status":"closed","template":"","meta":[],"_links":{"self":[{"href":"https:\/\/itopipinnuti.fr\/index.php?rest_route=\/wp\/v2\/pages\/325"}],"collection":[{"href":"https:\/\/itopipinnuti.fr\/index.php?rest_route=\/wp\/v2\/pages"}],"about":[{"href":"https:\/\/itopipinnuti.fr\/index.php?rest_route=\/wp\/v2\/types\/page"}],"author":[{"embeddable":true,"href":"https:\/\/itopipinnuti.fr\/index.php?rest_route=\/wp\/v2\/users\/5"}],"replies":[{"embeddable":true,"href":"https:\/\/itopipinnuti.fr\/index.php?rest_route=%2Fwp%2Fv2%2Fcomments&post=325"}],"version-history":[{"count":5,"href":"https:\/\/itopipinnuti.fr\/index.php?rest_route=\/wp\/v2\/pages\/325\/revisions"}],"predecessor-version":[{"id":2229,"href":"https:\/\/itopipinnuti.fr\/index.php?rest_route=\/wp\/v2\/pages\/325\/revisions\/2229"}],"wp:attachment":[{"href":"https:\/\/itopipinnuti.fr\/index.php?rest_route=%2Fwp%2Fv2%2Fmedia&parent=325"}],"curies":[{"name":"wp","href":"https:\/\/api.w.org\/{rel}","templated":true}]}}