{"id":331,"date":"2022-11-24T16:56:14","date_gmt":"2022-11-24T15:56:14","guid":{"rendered":"https:\/\/itopipinnuti.fr\/?page_id=331"},"modified":"2024-11-21T08:49:27","modified_gmt":"2024-11-21T07:49:27","slug":"speleo-secours","status":"publish","type":"page","link":"https:\/\/itopipinnuti.fr\/?page_id=331","title":{"rendered":"Le Sp\u00e9l\u00e9o secours"},"content":{"rendered":"\n<p><strong>A l&rsquo;aide !<\/strong><\/p>\n\n\n\n<p>Ce sont les b\u00e9n\u00e9voles de la F\u00e9d\u00e9ration Fran\u00e7aise de Sp\u00e9l\u00e9ologie qui constituent les \u00e9quipes du Sp\u00e9l\u00e9o-Secours Fran\u00e7ais.<br>En assurant elle-m\u00eame les secours, la F\u00e9d\u00e9ration Fran\u00e7aise de Sp\u00e9l\u00e9ologie est la seule \u00e0 assurer la s\u00e9curit\u00e9 de sa pratique jusqu&rsquo;au sauvetage.<br>Le SSF 2b est constitu\u00e9 d&rsquo;une quinzaine de volontaires b\u00e9n\u00e9voles qui effectuent r\u00e9guli\u00e8rement des exercices en falaise et en cavit\u00e9 afin de maitriser les techniques sp\u00e9cifiques d&rsquo;\u00e9vacuation. Son secteur d&rsquo;intervention peut s&rsquo;\u00e9tendre \u00e0 toute la Corse.<\/p>\n","protected":false},"excerpt":{"rendered":"<p>A l&rsquo;aide ! Ce sont les b\u00e9n\u00e9voles de la F\u00e9d\u00e9ration Fran\u00e7aise de Sp\u00e9l\u00e9ologie qui constituent les \u00e9quipes du Sp\u00e9l\u00e9o-Secours Fran\u00e7ais.En assurant elle-m\u00eame les secours, la F\u00e9d\u00e9ration Fran\u00e7aise de Sp\u00e9l\u00e9ologie est la seule \u00e0 assurer la s\u00e9curit\u00e9 de sa pratique jusqu&rsquo;au sauvetage.Le SSF 2b est constitu\u00e9 d&rsquo;une quinzaine de volontaires b\u00e9n\u00e9voles qui effectuent r\u00e9guli\u00e8rement des exercices [&hellip;]<\/p>\n","protected":false},"author":5,"featured_media":0,"parent":0,"menu_order":0,"comment_status":"closed","ping_status":"closed","template":"","meta":[],"_links":{"self":[{"href":"https:\/\/itopipinnuti.fr\/index.php?rest_route=\/wp\/v2\/pages\/331"}],"collection":[{"href":"https:\/\/itopipinnuti.fr\/index.php?rest_route=\/wp\/v2\/pages"}],"about":[{"href":"https:\/\/itopipinnuti.fr\/index.php?rest_route=\/wp\/v2\/types\/page"}],"author":[{"embeddable":true,"href":"https:\/\/itopipinnuti.fr\/index.php?rest_route=\/wp\/v2\/users\/5"}],"replies":[{"embeddable":true,"href":"https:\/\/itopipinnuti.fr\/index.php?rest_route=%2Fwp%2Fv2%2Fcomments&post=331"}],"version-history":[{"count":1,"href":"https:\/\/itopipinnuti.fr\/index.php?rest_route=\/wp\/v2\/pages\/331\/revisions"}],"predecessor-version":[{"id":876,"href":"https:\/\/itopipinnuti.fr\/index.php?rest_route=\/wp\/v2\/pages\/331\/revisions\/876"}],"wp:attachment":[{"href":"https:\/\/itopipinnuti.fr\/index.php?rest_route=%2Fwp%2Fv2%2Fmedia&parent=331"}],"curies":[{"name":"wp","href":"https:\/\/api.w.org\/{rel}","templated":true}]}}