{"id":7117,"date":"2025-12-14T14:03:08","date_gmt":"2025-12-14T13:03:08","guid":{"rendered":"https:\/\/itopipinnuti.fr\/?page_id=7117"},"modified":"2025-12-19T19:19:14","modified_gmt":"2025-12-19T18:19:14","slug":"la-saga-des-monoxyles-les-publications","status":"publish","type":"page","link":"https:\/\/itopipinnuti.fr\/?page_id=7117","title":{"rendered":"La cavit\u00e9 s\u00e9pulcrale de Laninca ou la saga des Monoxyles"},"content":{"rendered":"<h4><span style=\"text-decoration: underline;\">Les publications scientifiques<\/span><\/h4>\n<ul style=\"list-style-type: circle;\">\n<li>Campagne des 17 et 18 octobre 2015 :\n<ul style=\"list-style-type: disc;\">\n<li><a href=\"https:\/\/itopipinnuti.fr\/wp-content\/uploads\/2025\/12\/Lano-\u2013-Cavite-sepulcrale-de-Laninca_2015-\u2013-Fouille-preventive-durgence-n\u00b0-1426_adlfi-18789.pdf\" target=\"_blank\" rel=\"noopener\">Fouille pr\u00e9ventive d\u2019urgence n\u00b0 1426_- adlfi-18789<\/a><\/li>\n<li><a href=\"https:\/\/itopipinnuti.fr\/wp-content\/uploads\/2025\/12\/Rapport-Lano-2015.pdf\" target=\"_blank\" rel=\"noopener\">Rapport Lano 2015<\/a><\/li>\n<\/ul>\n<\/li>\n<li>Campagne du 21 au 29 mai 2016 : 1<sup>\u00e8re<\/sup> campagne de fouilles\n<ul style=\"list-style-type: disc;\">\n<li><a href=\"https:\/\/itopipinnuti.fr\/wp-content\/uploads\/2025\/12\/Rapport-Lano-2016.pdf\" target=\"_blank\" rel=\"noopener\">Rapport Lano 2016<\/a><\/li>\n<li><a href=\"https:\/\/journals.openedition.org\/adlfi\/22839\" target=\"_blank\" rel=\"noopener\">Commune de Lano &#8211; Prospection diachronique &#8211; adlfi-22839<\/a><\/li>\n<\/ul>\n<\/li>\n<li>Campagne du 30 mai au 10 juin 2017 : 2<sup>\u00e8me<\/sup> campagne de fouilles\n<ul style=\"list-style-type: disc;\">\n<li><a href=\"https:\/\/itopipinnuti.fr\/wp-content\/uploads\/2025\/12\/Lano-\u2013-Cavite-sepulcrale-de-Laninca_Fouille-programmee-2017_Laninca-2017_adlfi-22725.pdf\" target=\"_blank\" rel=\"noopener\">Fouille programm\u00e9e_- adlfi-22725<\/a><\/li>\n<li><a href=\"https:\/\/itopipinnuti.fr\/wp-content\/uploads\/2025\/12\/Lano_Mao2017_DEF_compresse.pdf\" target=\"_blank\" rel=\"noopener\">Lano_Mao2017_DEF<\/a><\/li>\n<li><a href=\"https:\/\/itopipinnuti.fr\/wp-content\/uploads\/2025\/12\/Lano_Mao2017_DEF_fr.pdf\" target=\"_blank\" rel=\"noopener\">Lano_Mao2017_DEF-fr<\/a><\/li>\n<\/ul>\n<\/li>\n<li>Campagne du 30 mai au 5 juin 2018 : 3<sup>\u00e8me<\/sup> campagne, la der des der\n<ul style=\"list-style-type: disc;\">\n<li>\u00e0 venir &#8230;<\/li>\n<\/ul>\n<\/li>\n<\/ul>\n<p>Hors campagnes de fouilles :<\/p>\n<ul>\n<li><a href=\"https:\/\/itopipinnuti.fr\/wp-content\/uploads\/2025\/12\/Mission-de-reconnaissance.pdf\" target=\"_blank\" rel=\"noopener\">Mission de reconnaissance<\/a><\/li>\n<li><a href=\"https:\/\/itopipinnuti.fr\/wp-content\/uploads\/2025\/12\/Leandri-et-al..pdf\" target=\"_blank\" rel=\"noopener\">L\u2019\u00e2ge du Bronze en France (2500 \u00e0 800 avant notre \u00e8re) &#8211; Extraits<\/a><\/li>\n<li><a href=\"https:\/\/itopipinnuti.fr\/wp-content\/uploads\/2025\/12\/BSRCorse2014-2015_extraits.pdf\" target=\"_blank\" rel=\"noopener\">Bilan scientifique r\u00e9gional 2014-2015 &#8211; Extraits<\/a><\/li>\n<li><a href=\"https:\/\/itopipinnuti.fr\/wp-content\/uploads\/2025\/12\/BSRCorse2016-2017_extraits.pdf\" target=\"_blank\" rel=\"noopener\">Bilan scientifique r\u00e9gional 2016-2017 &#8211; Extraits<\/a><\/li>\n<li><a href=\"https:\/\/itopipinnuti.fr\/wp-content\/uploads\/2025\/12\/Fiche-Merimee_PA2B000030.pdf\" target=\"_blank\" rel=\"noopener\">Fiche M\u00e9rim\u00e9e_PA2B000030<\/a><\/li>\n<li><a href=\"https:\/\/itopipinnuti.fr\/wp-content\/uploads\/2025\/12\/Resultats-significatifs-en-Corse-pour-les_adlfi-22856.pdf\" target=\"_blank\" rel=\"noopener\">R\u00e9sultats significatifs en Corse pour les ann\u00e9es 2016 et 2017 &#8211; adlfi-22856<\/a><\/li>\n<li><a href=\"https:\/\/itopipinnuti.fr\/wp-content\/uploads\/2025\/12\/Rofes_etal.2020_version-author.pdf\" target=\"_blank\" rel=\"noopener\">Detecting stratigraphical issues using direct radiocarbon dating from small-mammal remains (HAL 02569726)<\/a><\/li>\n<li><a href=\"https:\/\/itopipinnuti.fr\/wp-content\/uploads\/2025\/12\/ACTES_CONGRES_UIS_WEB_VOLUME_5-extraits.pdf\" target=\"_blank\" rel=\"noopener\">Actes du 18<sup>\u00e8me<\/sup> congr\u00e8s international de Sp\u00e9l\u00e9ologie &#8211; Savoie Mont Blanc 2022 &#8211; Extraits<\/a><\/li>\n<li><a href=\"https:\/\/itopipinnuti.fr\/wp-content\/uploads\/2025\/12\/2023-RPMR-Lano.pdf\" target=\"_blank\" rel=\"noopener\">Etudes techniques, xylologiques et dendrochronologiques (HAl 04384850)<\/a><\/li>\n<li><a href=\"https:\/\/itopipinnuti.fr\/wp-content\/uploads\/2025\/12\/Conditions-techniques-dintervention-Lano_V2.pdf\" target=\"_blank\" rel=\"noopener\">Conditions techniques d&rsquo;intervention<\/a><\/li>\n<\/ul>\n<h4><span style=\"text-decoration: underline;\">La presse<\/span><\/h4>\n<ul>\n<li><a href=\"https:\/\/itopipinnuti.fr\/exitp\/Presse\/20151021_Corse_Matin_Monoxyles.pdf\" target=\"_blank\" rel=\"noopener\">Corse Matin &#8211; Mercredi 21 octobre 2015 &#8211; Monoxyles<\/a><\/li>\n<li><a href=\"https:\/\/itopipinnuti.fr\/exitp\/Presse\/20151025_Corse_Matin_Monoxyles.pdf\" target=\"_blank\" rel=\"noopener\">Corse Matin &#8211; Dimanche 25 octobre 2015 &#8211; Monoxyles<\/a><\/li>\n<li><a href=\"https:\/\/itopipinnuti.fr\/exitp\/Presse\/20160128_Corse_Matin_Monoxyles.pdf\" target=\"_blank\" rel=\"noopener\">Corse Matin &#8211; Jeudi 28 janvier 2016 &#8211; Arch\u00e9ologie, le d\u00e9but d&rsquo;un nouvel \u00e2ge d&rsquo;or<\/a><\/li>\n<li><a href=\"https:\/\/itopipinnuti.fr\/exitp\/Presse\/20160603_Settimana_Monoxyles.pdf\" target=\"_blank\" rel=\"noopener\">Corse Matin \/ Settimana &#8211; Vendredi 3 juin 2016 &#8211; La montagnes aux tombes mill\u00e9naires<\/a><\/li>\n<li><a href=\"https:\/\/itopipinnuti.fr\/exitp\/Presse\/20170614_Le_Monde_Monoxyles.pdf\" target=\"_blank\" rel=\"noopener\">Le Monde &#8211; Mercredi 14 juin 2017 &#8211; En Corse, des morts entre ciel et terre<\/a><\/li>\n<li><a href=\"https:\/\/www.radiofrance.fr\/franceinter\/podcasts\/la-une-de-la-science\/menuiserie-sepulcrale-a-l-age-de-bronze-4258168\" target=\"_blank\" rel=\"noopener\">Interview France Inter 14 juin 2017 &#8211; Menuiserie s\u00e9pulcrale \u00e0 l&rsquo;\u00e2ge de Bronze (replay)<\/a><\/li>\n<li><a href=\"https:\/\/itopipinnuti.fr\/wp-content\/uploads\/2025\/12\/Menuiserie-sepulcrale-a-lage-de-Bronze-la-une-de-la-science_la-une-de-la-science-14-juin-2017.mp3\" target=\"_blank\" rel=\"noopener\">Interview France Inter 14 juin 2017 &#8211; Menuiserie s\u00e9pulcrale \u00e0 l&rsquo;\u00e2ge de Bronze (fichier audio)<\/a><\/li>\n<li><a href=\"https:\/\/itopipinnuti.fr\/wp-content\/uploads\/2025\/12\/Interview-Franck-Leandri-sur-France-Inter-14-juin-2017.pdf\" target=\"_blank\" rel=\"noopener\">Interview France Inter 14 juin 2017 &#8211; Menuiserie s\u00e9pulcrale \u00e0 l&rsquo;\u00e2ge de Bronze (transcription)<\/a><\/li>\n<li><a href=\"https:\/\/itopipinnuti.fr\/exitp\/Presse\/20170615_Sciences_Avenir_Monoxyles.pdf\" target=\"_blank\" rel=\"noopener\">Sciences et Avenir &#8211; Jeudi 15 juin 2017 &#8211; Des cercueils de bois de l\u2019\u00e2ge du bronze retrouv\u00e9s en Corse<\/a><\/li>\n<li><a href=\"https:\/\/youtu.be\/pZKdG6Pn2Yc\" target=\"_blank\" rel=\"noopener\">Inseme &#8211; Mercredi 11 octobre 2017<\/a><\/li>\n<li><a href=\"https:\/\/itopipinnuti.fr\/exitp\/Presse\/20190109_Corse_Matin_Oublies_Laninca.pdf\" target=\"_blank\" rel=\"noopener\">Corse Matin &#8211; Mercredi 9 janvier 2019 &#8211; Annonce \u00ab Les oubli\u00e9s de Laninca \u00bb<\/a><\/li>\n<li><a href=\"https:\/\/itopipinnuti.fr\/exitp\/Presse\/20220122_Corse_Matin_Monoxyles_reconstitution.pdf\" target=\"_blank\" rel=\"noopener\">Corse Matin &#8211; Samedi 22 janvier 2022 &#8211; Reproduction de boites fun\u00e9raires de l&rsquo;\u00e2ge du Bronze<\/a><\/li>\n<li><a href=\"https:\/\/itopipinnuti.fr\/exitp\/Presse\/ICN-6924_mai-2022.pdf\" target=\"_blank\" rel=\"noopener\">Informateur Corse Nouvelle n\u00b06924 &#8211; Vendredi 6 mai 2022 &#8211; Les r\u00e9pliques des coffres fun\u00e9raires de Lanu<\/a><\/li>\n<\/ul>\n<div id=\"attachment_7142\" style=\"width: 510px\" class=\"wp-caption alignnone\"><a href=\"https:\/\/www.youtube.com\/watch?v=vm4-Iy6-_dI\" target=\"_blank\" rel=\"noopener\"><img aria-describedby=\"caption-attachment-7142\" loading=\"lazy\" class=\"wp-image-7142\" src=\"https:\/\/itopipinnuti.fr\/wp-content\/uploads\/2025\/12\/Affiche_documentaire_Laninca-300x168.jpg\" alt=\"Les oubli\u00e9s de Laninca\" width=\"500\" height=\"279\" srcset=\"https:\/\/itopipinnuti.fr\/wp-content\/uploads\/2025\/12\/Affiche_documentaire_Laninca-300x168.jpg 300w, https:\/\/itopipinnuti.fr\/wp-content\/uploads\/2025\/12\/Affiche_documentaire_Laninca-1024x572.jpg 1024w, https:\/\/itopipinnuti.fr\/wp-content\/uploads\/2025\/12\/Affiche_documentaire_Laninca-768x429.jpg 768w, https:\/\/itopipinnuti.fr\/wp-content\/uploads\/2025\/12\/Affiche_documentaire_Laninca-1536x858.jpg 1536w, https:\/\/itopipinnuti.fr\/wp-content\/uploads\/2025\/12\/Affiche_documentaire_Laninca-624x349.jpg 624w, https:\/\/itopipinnuti.fr\/wp-content\/uploads\/2025\/12\/Affiche_documentaire_Laninca.jpg 2048w\" sizes=\"(max-width: 500px) 100vw, 500px\" \/><\/a><p id=\"caption-attachment-7142\" class=\"wp-caption-text\">Documentaire de Pierre-Jean Micaelli<\/p><\/div>\n<h4><span style=\"text-decoration: underline;\"><span style=\"text-decoration: underline;\">Nos comptes-rendus<\/span><\/span><\/h4>\n<ul style=\"list-style-type: circle;\">\n<li><a href=\"https:\/\/itopipinnuti.fr\/exitp\/crmono.htm#hautpage0\" target=\"_blank\" rel=\"noopener\">La saga des Monoxyles<\/a><\/li>\n<\/ul>\n<h4><span style=\"text-decoration: underline;\">Quelques photos pour r\u00e9sumer<\/span><\/h4>\n<div id=\"attachment_7163\" style=\"width: 510px\" class=\"wp-caption alignnone\"><a href=\"https:\/\/itopipinnuti.fr\/wp-content\/uploads\/2025\/12\/JYC_01-0-2015_00001.jpg\" data-lbwps-width=\"3648\" data-lbwps-height=\"5472\" data-lbwps-srcsmall=\"https:\/\/itopipinnuti.fr\/wp-content\/uploads\/2025\/12\/JYC_01-0-2015_00001-200x300.jpg\"><img aria-describedby=\"caption-attachment-7163\" loading=\"lazy\" class=\"wp-image-7163\" src=\"https:\/\/itopipinnuti.fr\/wp-content\/uploads\/2025\/12\/JYC_01-0-2015_00001-200x300.jpg\" alt=\"\" width=\"500\" height=\"750\" srcset=\"https:\/\/itopipinnuti.fr\/wp-content\/uploads\/2025\/12\/JYC_01-0-2015_00001-200x300.jpg 200w, https:\/\/itopipinnuti.fr\/wp-content\/uploads\/2025\/12\/JYC_01-0-2015_00001-683x1024.jpg 683w, https:\/\/itopipinnuti.fr\/wp-content\/uploads\/2025\/12\/JYC_01-0-2015_00001-768x1152.jpg 768w, https:\/\/itopipinnuti.fr\/wp-content\/uploads\/2025\/12\/JYC_01-0-2015_00001-1024x1536.jpg 1024w, https:\/\/itopipinnuti.fr\/wp-content\/uploads\/2025\/12\/JYC_01-0-2015_00001-1365x2048.jpg 1365w, https:\/\/itopipinnuti.fr\/wp-content\/uploads\/2025\/12\/JYC_01-0-2015_00001-624x936.jpg 624w, https:\/\/itopipinnuti.fr\/wp-content\/uploads\/2025\/12\/JYC_01-0-2015_00001-scaled.jpg 1707w\" sizes=\"(max-width: 500px) 100vw, 500px\" \/><\/a><p id=\"caption-attachment-7163\" class=\"wp-caption-text\">L&rsquo;escalade<\/p><\/div>\n<div id=\"attachment_7150\" style=\"width: 510px\" class=\"wp-caption alignnone\"><a href=\"https:\/\/itopipinnuti.fr\/wp-content\/uploads\/2025\/12\/Vue-loingtaine_IMGP0001.jpg\" data-lbwps-width=\"2816\" data-lbwps-height=\"2112\" data-lbwps-srcsmall=\"https:\/\/itopipinnuti.fr\/wp-content\/uploads\/2025\/12\/Vue-loingtaine_IMGP0001-300x225.jpg\"><img aria-describedby=\"caption-attachment-7150\" loading=\"lazy\" class=\"wp-image-7150\" src=\"https:\/\/itopipinnuti.fr\/wp-content\/uploads\/2025\/12\/Vue-loingtaine_IMGP0001-300x225.jpg\" alt=\"\" width=\"500\" height=\"375\" srcset=\"https:\/\/itopipinnuti.fr\/wp-content\/uploads\/2025\/12\/Vue-loingtaine_IMGP0001-300x225.jpg 300w, https:\/\/itopipinnuti.fr\/wp-content\/uploads\/2025\/12\/Vue-loingtaine_IMGP0001-1024x768.jpg 1024w, https:\/\/itopipinnuti.fr\/wp-content\/uploads\/2025\/12\/Vue-loingtaine_IMGP0001-768x576.jpg 768w, https:\/\/itopipinnuti.fr\/wp-content\/uploads\/2025\/12\/Vue-loingtaine_IMGP0001-1536x1152.jpg 1536w, https:\/\/itopipinnuti.fr\/wp-content\/uploads\/2025\/12\/Vue-loingtaine_IMGP0001-2048x1536.jpg 2048w, https:\/\/itopipinnuti.fr\/wp-content\/uploads\/2025\/12\/Vue-loingtaine_IMGP0001-624x468.jpg 624w\" sizes=\"(max-width: 500px) 100vw, 500px\" \/><\/a><p id=\"caption-attachment-7150\" class=\"wp-caption-text\">Vue de loin<\/p><\/div>\n<div id=\"attachment_7154\" style=\"width: 510px\" class=\"wp-caption alignnone\"><a href=\"https:\/\/itopipinnuti.fr\/wp-content\/uploads\/2025\/12\/Vue-proche.jpg\" data-lbwps-width=\"1334\" data-lbwps-height=\"889\" data-lbwps-srcsmall=\"https:\/\/itopipinnuti.fr\/wp-content\/uploads\/2025\/12\/Vue-proche-300x200.jpg\"><img aria-describedby=\"caption-attachment-7154\" loading=\"lazy\" class=\"wp-image-7154\" src=\"https:\/\/itopipinnuti.fr\/wp-content\/uploads\/2025\/12\/Vue-proche-300x200.jpg\" alt=\"\" width=\"500\" height=\"333\" srcset=\"https:\/\/itopipinnuti.fr\/wp-content\/uploads\/2025\/12\/Vue-proche-300x200.jpg 300w, https:\/\/itopipinnuti.fr\/wp-content\/uploads\/2025\/12\/Vue-proche-1024x682.jpg 1024w, https:\/\/itopipinnuti.fr\/wp-content\/uploads\/2025\/12\/Vue-proche-768x512.jpg 768w, https:\/\/itopipinnuti.fr\/wp-content\/uploads\/2025\/12\/Vue-proche-624x416.jpg 624w, https:\/\/itopipinnuti.fr\/wp-content\/uploads\/2025\/12\/Vue-proche.jpg 1334w\" sizes=\"(max-width: 500px) 100vw, 500px\" \/><\/a><p id=\"caption-attachment-7154\" class=\"wp-caption-text\">De plus pr\u00e8s<\/p><\/div>\n<div id=\"attachment_7149\" style=\"width: 510px\" class=\"wp-caption alignnone\"><a href=\"https:\/\/itopipinnuti.fr\/wp-content\/uploads\/2025\/12\/CTC_1629b.jpg\" data-lbwps-width=\"2464\" data-lbwps-height=\"1632\" data-lbwps-srcsmall=\"https:\/\/itopipinnuti.fr\/wp-content\/uploads\/2025\/12\/CTC_1629b-300x199.jpg\"><img aria-describedby=\"caption-attachment-7149\" loading=\"lazy\" class=\"wp-image-7149\" src=\"https:\/\/itopipinnuti.fr\/wp-content\/uploads\/2025\/12\/CTC_1629b-300x199.jpg\" alt=\"\" width=\"500\" height=\"331\" srcset=\"https:\/\/itopipinnuti.fr\/wp-content\/uploads\/2025\/12\/CTC_1629b-300x199.jpg 300w, https:\/\/itopipinnuti.fr\/wp-content\/uploads\/2025\/12\/CTC_1629b-1024x678.jpg 1024w, https:\/\/itopipinnuti.fr\/wp-content\/uploads\/2025\/12\/CTC_1629b-768x509.jpg 768w, https:\/\/itopipinnuti.fr\/wp-content\/uploads\/2025\/12\/CTC_1629b-1536x1017.jpg 1536w, https:\/\/itopipinnuti.fr\/wp-content\/uploads\/2025\/12\/CTC_1629b-2048x1356.jpg 2048w, https:\/\/itopipinnuti.fr\/wp-content\/uploads\/2025\/12\/CTC_1629b-624x413.jpg 624w\" sizes=\"(max-width: 500px) 100vw, 500px\" \/><\/a><p id=\"caption-attachment-7149\" class=\"wp-caption-text\">Dans le porche<\/p><\/div>\n<div id=\"attachment_7156\" style=\"width: 510px\" class=\"wp-caption alignnone\"><a href=\"https:\/\/itopipinnuti.fr\/wp-content\/uploads\/2025\/12\/Vue-interieure.jpg\" data-lbwps-width=\"1383\" data-lbwps-height=\"921\" data-lbwps-srcsmall=\"https:\/\/itopipinnuti.fr\/wp-content\/uploads\/2025\/12\/Vue-interieure-300x200.jpg\"><img aria-describedby=\"caption-attachment-7156\" loading=\"lazy\" class=\"wp-image-7156\" src=\"https:\/\/itopipinnuti.fr\/wp-content\/uploads\/2025\/12\/Vue-interieure-300x200.jpg\" alt=\"\" width=\"500\" height=\"333\" srcset=\"https:\/\/itopipinnuti.fr\/wp-content\/uploads\/2025\/12\/Vue-interieure-300x200.jpg 300w, https:\/\/itopipinnuti.fr\/wp-content\/uploads\/2025\/12\/Vue-interieure-1024x682.jpg 1024w, https:\/\/itopipinnuti.fr\/wp-content\/uploads\/2025\/12\/Vue-interieure-768x511.jpg 768w, https:\/\/itopipinnuti.fr\/wp-content\/uploads\/2025\/12\/Vue-interieure-624x416.jpg 624w, https:\/\/itopipinnuti.fr\/wp-content\/uploads\/2025\/12\/Vue-interieure.jpg 1383w\" sizes=\"(max-width: 500px) 100vw, 500px\" \/><\/a><p id=\"caption-attachment-7156\" class=\"wp-caption-text\">La cavit\u00e9, heure 0<\/p><\/div>\n<p>&nbsp;<\/p>\n","protected":false},"excerpt":{"rendered":"<p>Les publications scientifiques Campagne des 17 et 18 octobre 2015 : Fouille pr\u00e9ventive d\u2019urgence n\u00b0 1426_- adlfi-18789 Rapport Lano 2015 Campagne du 21 au 29 mai 2016 : 1\u00e8re campagne de fouilles Rapport Lano 2016 Commune de Lano &#8211; Prospection diachronique &#8211; adlfi-22839 Campagne du 30 mai au 10 juin 2017 : 2\u00e8me campagne de [&hellip;]<\/p>\n","protected":false},"author":5,"featured_media":0,"parent":0,"menu_order":0,"comment_status":"closed","ping_status":"closed","template":"","meta":[],"_links":{"self":[{"href":"https:\/\/itopipinnuti.fr\/index.php?rest_route=\/wp\/v2\/pages\/7117"}],"collection":[{"href":"https:\/\/itopipinnuti.fr\/index.php?rest_route=\/wp\/v2\/pages"}],"about":[{"href":"https:\/\/itopipinnuti.fr\/index.php?rest_route=\/wp\/v2\/types\/page"}],"author":[{"embeddable":true,"href":"https:\/\/itopipinnuti.fr\/index.php?rest_route=\/wp\/v2\/users\/5"}],"replies":[{"embeddable":true,"href":"https:\/\/itopipinnuti.fr\/index.php?rest_route=%2Fwp%2Fv2%2Fcomments&post=7117"}],"version-history":[{"count":25,"href":"https:\/\/itopipinnuti.fr\/index.php?rest_route=\/wp\/v2\/pages\/7117\/revisions"}],"predecessor-version":[{"id":7188,"href":"https:\/\/itopipinnuti.fr\/index.php?rest_route=\/wp\/v2\/pages\/7117\/revisions\/7188"}],"wp:attachment":[{"href":"https:\/\/itopipinnuti.fr\/index.php?rest_route=%2Fwp%2Fv2%2Fmedia&parent=7117"}],"curies":[{"name":"wp","href":"https:\/\/api.w.org\/{rel}","templated":true}]}}